{"id":11,"date":"2025-11-06T10:15:20","date_gmt":"2025-11-06T10:15:20","guid":{"rendered":"https:\/\/tixmusic.no\/?page_id=11"},"modified":"2025-11-06T14:46:36","modified_gmt":"2025-11-06T14:46:36","slug":"homepage","status":"publish","type":"page","link":"https:\/\/tixmusic.no\/","title":{"rendered":"Forside"},"content":{"rendered":"\n<div class=\"wp-block-cover alignfull\" style=\"min-height:100vh;aspect-ratio:unset;\"><img loading=\"lazy\" decoding=\"async\" width=\"2000\" height=\"1200\" class=\"wp-block-cover__image-background wp-image-28\" alt=\"\" src=\"https:\/\/tixmusic.no\/wp-content\/uploads\/2025\/11\/cropped-tix-banner-website.jpg\" data-object-fit=\"cover\" srcset=\"https:\/\/tixmusic.no\/wp-content\/uploads\/2025\/11\/cropped-tix-banner-website.jpg 2000w, https:\/\/tixmusic.no\/wp-content\/uploads\/2025\/11\/cropped-tix-banner-website-300x180.jpg 300w, https:\/\/tixmusic.no\/wp-content\/uploads\/2025\/11\/cropped-tix-banner-website-1024x614.jpg 1024w\" sizes=\"auto, (max-width: 2000px) 100vw, 2000px\" \/><span aria-hidden=\"true\" class=\"wp-block-cover__background has-background-dim-20 has-background-dim\" style=\"background-color:#262127\"><\/span><div class=\"wp-block-cover__inner-container is-layout-flow wp-block-cover-is-layout-flow\">\n<p class=\"has-text-align-center has-large-font-size\"><\/p>\n<\/div><\/div>\n\n\n\n<div class=\"wp-block-group alignfull has-background has-global-padding is-layout-constrained wp-block-group-is-layout-constrained\">\n<div id=\"bio\" class=\"wp-block-group has-global-padding is-layout-constrained wp-block-group-is-layout-constrained\" style=\"padding-top:var(--wp--preset--spacing--small);padding-bottom:var(--wp--preset--spacing--small)\">\n<div style=\"height:41px\" aria-hidden=\"true\" class=\"wp-block-spacer\"><\/div>\n\n\n\n<div class=\"wp-block-columns is-layout-flex wp-container-core-columns-is-layout-c375d253 wp-block-columns-is-layout-flex\">\n<div class=\"wp-block-column is-vertically-aligned-center is-layout-flow wp-block-column-is-layout-flow\">\n<h2 class=\"wp-block-heading has-medium-font-size\" style=\"text-transform:uppercase\">HVEM ER TIX?<\/h2>\n\n\n\n<p>Andreas Tix Haukeland, kjent under artistnavnet TIX, er en norsk artist, produsent, forfatter, programleder og l\u00e5tskriver fra B\u00e6rum. I 2015 ble han landskjent for den omdiskuterte russel\u00e5ten \u00abSjeiken 2015\u00bb og regnes fra dette som den store banebryteren for russemusikken. Siden den gang har han hatt hele 11 l\u00e5ter p\u00e5 1. plass p\u00e5 den norske Spotify-topplisten, og i b\u00e5de 2020 og 2021 var han den mest str\u00f8mmede norske artisten i Norge. TIX ble k\u00e5ret til \u00c5rets Spellemann under Spellemannprisen 2020, og i 2021 vant han Melodi Grand Prix.\u00a0<\/p>\n<\/div>\n\n\n\n<div class=\"wp-block-column is-vertically-aligned-top is-layout-flow wp-block-column-is-layout-flow\">\n<figure class=\"wp-block-image size-large\"><img loading=\"lazy\" decoding=\"async\" width=\"1024\" height=\"672\" src=\"https:\/\/tixmusic.no\/wp-content\/uploads\/2025\/11\/tix-banner-website-2-1024x672.jpg\" alt=\"\" class=\"wp-image-35\" srcset=\"https:\/\/tixmusic.no\/wp-content\/uploads\/2025\/11\/tix-banner-website-2-1024x672.jpg 1024w, https:\/\/tixmusic.no\/wp-content\/uploads\/2025\/11\/tix-banner-website-2-300x197.jpg 300w, https:\/\/tixmusic.no\/wp-content\/uploads\/2025\/11\/tix-banner-website-2.jpg 1600w\" sizes=\"auto, (max-width: 1024px) 100vw, 1024px\" \/><\/figure>\n<\/div>\n<\/div>\n\n\n\n<div style=\"height:41px\" aria-hidden=\"true\" class=\"wp-block-spacer\"><\/div>\n<\/div>\n<\/div>\n\n\n\n<div id=\"shows\" class=\"wp-block-group alignfull pattern_multiple_covers has-background has-global-padding is-layout-constrained wp-block-group-is-layout-constrained\">\n<h2 class=\"wp-block-heading has-text-align-left\">Konserter<\/h2>\n\n\n\n<script charset=\"utf-8\" src=\"https:\/\/widgetv3.bandsintown.com\/main.min.js\"><\/script>\n  <a class=\"bit-widget-initializer\"\n    \n\tdata-artist-name=\"id_1439511\"\n\t\n\tdata-events-to-display=\"\"\n\tdata-background-color=\"rgba(255,255,255,1)\"\n\tdata-separator-color=\"rgba(221,221,221,1)\"\n\tdata-text-color=\"rgba(66,66,66,1)\"\n\tdata-font=\"Helvetica\"\n\tdata-auto-style=\"true\"\n\t\n\tdata-button-label-capitalization=\"capitalize\"\n\tdata-header-capitalization=\"uppercase\"\n\tdata-location-capitalization=\"uppercase\"\n\tdata-venue-capitalization=\"uppercase\"\n\tdata-display-local-dates=\"true\"\n\tdata-local-dates-position=\"tab\"\n\tdata-display-past-dates=\"false\"\n\tdata-display-details=\"false\"\n\tdata-display-lineup=\"false\"\n\tdata-display-start-time=\"false\"\n\tdata-social-share-icon=\"false\"\n\tdata-display-limit=\"all\"\n\t\n\tdata-date-format=\"MMM. DD YYYY\"\n\tdata-date-orientation=\"vertical\"\n\tdata-date-border-color=\"#4A4A4A\"\n\tdata-date-border-width=\"1px\"\n\tdata-date-capitalization=\"capitalize\"\n\tdata-date-border-radius=\"10px\"\n\t\n\tdata-event-ticket-cta-size=\"medium\"\n\tdata-event-custom-ticket-text=\"\"\n\tdata-event-ticket-text=\"Billetter\"\n\tdata-event-ticket-icon=\"false\"\n\tdata-event-ticket-cta-text-color=\"rgba(255,255,255,1)\"\n\tdata-event-ticket-cta-bg-color=\"rgba(74,74,74,1)\"\n\tdata-event-ticket-cta-border-color=\"rgba(74,74,74,1)\"\n\tdata-event-ticket-cta-border-width=\"0px\"\n\tdata-event-ticket-cta-border-radius=\"2px\"\n\t\n\tdata-sold-out-button-text-color=\"rgba(255,255,255,1)\"\n\tdata-sold-out-button-background-color=\"rgba(74,74,74,1)\"\n\tdata-sold-out-button-border-color=\"rgba(74,74,74,1)\"\n\tdata-sold-out-button-clickable=\"true\"\n\t\n\tdata-event-rsvp-position=\"hidden\"\n\tdata-event-rsvp-cta-size=\"medium\"\n\tdata-event-rsvp-only-show-icon=\"false\"\n\tdata-event-rsvp-text=\"RSVP\"\n\tdata-event-rsvp-icon=\"false\"\n\tdata-event-rsvp-cta-text-color=\"rgba(74,74,74,1)\"\n\tdata-event-rsvp-cta-bg-color=\"rgba(255,255,255,1)\"\n\tdata-event-rsvp-cta-border-color=\"rgba(74,74,74,1)\"\n\tdata-event-rsvp-cta-border-width=\"1px\"\n\tdata-event-rsvp-cta-border-radius=\"2px\"\n\t\n\tdata-follow-section-position=\"hidden\"\n\tdata-follow-section-alignment=\"center\"\n\tdata-follow-section-header-text=\"Get updates on new shows, new music, and more\"\n\tdata-follow-section-cta-size=\"medium\"\n\tdata-follow-section-cta-text=\"FOLLOW\"\n\tdata-follow-section-cta-icon=\"false\"\n\tdata-follow-section-cta-text-color=\"rgba(255,255,255,1)\"\n\tdata-follow-section-cta-bg-color=\"rgba(74,74,74,1)\"\n\tdata-follow-section-cta-border-color=\"rgba(74,74,74,1)\"\n\tdata-follow-section-cta-border-width=\"0px\"\n\tdata-follow-section-cta-border-radius=\"2px\"\n\t\n\tdata-play-my-city-position=\"hidden\"\n\tdata-play-my-city-alignment=\"center\"\n\tdata-play-my-city-header-text=\"Don\u2019t see a show near you?\"\n\tdata-play-my-city-cta-size=\"medium\"\n\tdata-play-my-city-cta-text=\"REQUEST A SHOW\"\n\tdata-play-my-city-cta-icon=\"false\"\n\tdata-play-my-city-cta-text-color=\"rgba(255,255,255,1)\"\n\tdata-play-my-city-cta-bg-color=\"rgba(74,74,74,1)\"\n\tdata-play-my-city-cta-border-color=\"rgba(74,74,74,1)\"\n\tdata-play-my-city-cta-border-width=\"0px\"\n\tdata-play-my-city-cta-border-radius=\"2px\"\n\t\n\tdata-optin-font=\"\"\n\tdata-optin-text-color=\"\"\n\tdata-optin-bg-color=\"\"\n\tdata-optin-cta-text-color=\"\"\n\tdata-optin-cta-bg-color=\"\"\n\tdata-optin-cta-border-width=\"\"\n\tdata-optin-cta-border-radius=\"\"\n\tdata-optin-cta-border-color=\"\"\n\t\n\tdata-language=\"en\"\n\tdata-layout-breakpoint=\"900\"\n\tdata-app-id=\"\"\n\tdata-affil-code=\"\"\n\tdata-bit-logo-position=\"bottomRight\"\n\tdata-bit-logo-color=\"rgba(66,66,66,1)\"\n\t\n    ><\/a>\n<\/div>\n\n\n\n<p><\/p>\n","protected":false},"excerpt":{"rendered":"<p>HVEM ER TIX? Andreas Tix Haukeland, kjent under artistnavnet TIX, er en norsk artist, produsent, forfatter, programleder og l\u00e5tskriver fra B\u00e6rum. I 2015 ble han landskjent for den omdiskuterte russel\u00e5ten \u00abSjeiken 2015\u00bb og regnes fra dette som den store banebryteren for russemusikken. Siden den gang har han hatt hele 11 l\u00e5ter p\u00e5 1. plass p\u00e5 &hellip; <\/p>\n<p class=\"link-more\"><a href=\"https:\/\/tixmusic.no\/\" class=\"more-link\">Read more<span class=\"screen-reader-text\"> &#8220;Forside&#8221;<\/span><\/a><\/p>\n","protected":false},"author":1,"featured_media":0,"parent":0,"menu_order":0,"comment_status":"closed","ping_status":"closed","template":"page-templates\/homepage-builder-bb.php","meta":{"footnotes":""},"class_list":["post-11","page","type-page","status-publish","hentry"],"_links":{"self":[{"href":"https:\/\/tixmusic.no\/index.php?rest_route=\/wp\/v2\/pages\/11","targetHints":{"allow":["GET"]}}],"collection":[{"href":"https:\/\/tixmusic.no\/index.php?rest_route=\/wp\/v2\/pages"}],"about":[{"href":"https:\/\/tixmusic.no\/index.php?rest_route=\/wp\/v2\/types\/page"}],"author":[{"embeddable":true,"href":"https:\/\/tixmusic.no\/index.php?rest_route=\/wp\/v2\/users\/1"}],"replies":[{"embeddable":true,"href":"https:\/\/tixmusic.no\/index.php?rest_route=%2Fwp%2Fv2%2Fcomments&post=11"}],"version-history":[{"count":23,"href":"https:\/\/tixmusic.no\/index.php?rest_route=\/wp\/v2\/pages\/11\/revisions"}],"predecessor-version":[{"id":62,"href":"https:\/\/tixmusic.no\/index.php?rest_route=\/wp\/v2\/pages\/11\/revisions\/62"}],"wp:attachment":[{"href":"https:\/\/tixmusic.no\/index.php?rest_route=%2Fwp%2Fv2%2Fmedia&parent=11"}],"curies":[{"name":"wp","href":"https:\/\/api.w.org\/{rel}","templated":true}]}}